{"id":1288,"date":"2024-03-11T11:09:00","date_gmt":"2024-03-11T09:09:00","guid":{"rendered":"https:\/\/lamugletta.de\/studio-di-ceramica\/"},"modified":"2024-12-03T19:34:44","modified_gmt":"2024-12-03T17:34:44","slug":"studio-di-ceramica","status":"publish","type":"page","link":"https:\/\/lamugletta.de\/it\/studio-di-ceramica\/","title":{"rendered":"Laboratorio di ceramica"},"content":{"rendered":"<p>[et_pb_section fb_built=&#8221;1&#8243; _builder_version=&#8221;4.25.1&#8243; _module_preset=&#8221;default&#8221; background_color=&#8221;#D0D5D8&#8243; custom_margin=&#8221;||||true|false&#8221; custom_padding=&#8221;0px||0px||true|false&#8221; global_colors_info=&#8221;{}&#8221;][et_pb_row column_structure=&#8221;1_2,1_2&#8243; make_equal=&#8221;on&#8221; _builder_version=&#8221;4.25.2&#8243; _module_preset=&#8221;default&#8221; width=&#8221;95%&#8221; max_width=&#8221;1600px&#8221; custom_margin=&#8221;0px||||false|false&#8221; custom_padding=&#8221;0px||100px||false|false&#8221; global_colors_info=&#8221;{}&#8221;][et_pb_column type=&#8221;1_2&#8243; module_class=&#8221;content-vertical-align-bottom&#8221; _builder_version=&#8221;4.24.2&#8243; _module_preset=&#8221;default&#8221; custom_padding=&#8221;|||50px|false|false&#8221; custom_padding_tablet=&#8221;|||20px|false|false&#8221; custom_padding_phone=&#8221;|||5px|false|false&#8221; custom_padding_last_edited=&#8221;on|phone&#8221; global_colors_info=&#8221;{}&#8221;][et_pb_text admin_label=&#8221;Kreativit\u00e4t ausleben Unser Keramikstudio&#8221; _builder_version=&#8221;4.25.1&#8243; _module_preset=&#8221;default&#8221; header_text_color=&#8221;#5F6062&#8243; header_font_size=&#8221;63px&#8221; header_line_height=&#8221;1.1em&#8221; header_4_text_color=&#8221;#5F6062&#8243; header_4_font_size=&#8221;14px&#8221; header_4_letter_spacing=&#8221;5px&#8221; custom_margin=&#8221;||||false|false&#8221; custom_padding=&#8221;||||false|false&#8221; custom_padding_tablet=&#8221;50px||||false|false&#8221; custom_padding_phone=&#8221;50px||||false|false&#8221; custom_padding_last_edited=&#8221;on|desktop&#8221; header_font_size_tablet=&#8221;63px&#8221; header_font_size_phone=&#8221;44px&#8221; header_font_size_last_edited=&#8221;on|phone&#8221; header_4_font_size_tablet=&#8221;14px&#8221; header_4_font_size_phone=&#8221;12px&#8221; header_4_font_size_last_edited=&#8221;on|phone&#8221; global_colors_info=&#8221;{}&#8221;]<\/p>\n<h4>Vivi la tua creativit\u00e0<\/h4>\n<h1>\nOfficina La Mugletta<\/h1>\n<p>Tocca terra, trova te stesso e superati. All&#8217;Officina La Mugletta, lo studio di ceramica di Ulla, ognuno pu\u00f2 trovare il proprio modo di esprimersi creativamente.<br \/>\n[\/et_pb_text][\/et_pb_column][et_pb_column type=&#8221;1_2&#8243; _builder_version=&#8221;4.24.2&#8243; _module_preset=&#8221;default&#8221; custom_css_main_element=&#8221;||&#8221; global_colors_info=&#8221;{}&#8221;][et_pb_gallery gallery_ids=&#8221;389&#8243; fullwidth=&#8221;on&#8221; disabled_on=&#8221;off|off|off&#8221; _builder_version=&#8221;4.24.2&#8243; _module_preset=&#8221;default&#8221; max_height=&#8221;90vh&#8221; auto=&#8221;on&#8221; auto_speed=&#8221;3000&#8243; global_colors_info=&#8221;{}&#8221;][\/et_pb_gallery][\/et_pb_column][\/et_pb_row][\/et_pb_section][et_pb_section fb_built=&#8221;1&#8243; _builder_version=&#8221;4.24.2&#8243; _module_preset=&#8221;default&#8221; custom_margin=&#8221;29px||||false|false&#8221; custom_margin_tablet=&#8221;6px||||false|false&#8221; custom_margin_phone=&#8221;4px||||false|false&#8221; custom_margin_last_edited=&#8221;on|phone&#8221; custom_padding=&#8221;30px||18px|||&#8221; global_colors_info=&#8221;{}&#8221;][et_pb_row _builder_version=&#8221;4.24.2&#8243; _module_preset=&#8221;default&#8221; width=&#8221;84%&#8221; width_tablet=&#8221;84%&#8221; width_phone=&#8221;98%&#8221; width_last_edited=&#8221;on|phone&#8221; max_width=&#8221;2000px&#8221; module_alignment=&#8221;center&#8221; global_colors_info=&#8221;{}&#8221;][et_pb_column type=&#8221;4_4&#8243; _builder_version=&#8221;4.24.2&#8243; _module_preset=&#8221;default&#8221; custom_padding_tablet=&#8221;&#8221; custom_padding_phone=&#8221;|0px||0px|false|true&#8221; custom_padding_last_edited=&#8221;on|phone&#8221; global_colors_info=&#8221;{}&#8221;][et_pb_text admin_label=&#8221;Werkstatt Die Keramikk\u00fcnstlerin&#8221; _builder_version=&#8221;4.27.4&#8243; _module_preset=&#8221;default&#8221; header_text_color=&#8221;#5F6062&#8243; header_line_height=&#8221;1.4em&#8221; header_4_font_size=&#8221;15px&#8221; header_4_letter_spacing=&#8221;5px&#8221; width=&#8221;80%&#8221; width_tablet=&#8221;80%&#8221; width_phone=&#8221;80%&#8221; width_last_edited=&#8221;on|desktop&#8221; max_width=&#8221;1080px&#8221; module_alignment=&#8221;center&#8221; hover_enabled=&#8221;0&#8243; text_font_size_tablet=&#8221;&#8221; text_font_size_phone=&#8221;&#8221; text_font_size_last_edited=&#8221;on|phone&#8221; header_font_size_tablet=&#8221;48px&#8221; header_font_size_phone=&#8221;39px&#8221; header_font_size_last_edited=&#8221;on|phone&#8221; global_colors_info=&#8221;{}&#8221; sticky_enabled=&#8221;0&#8243;]<\/p>\n<h4 style=\"text-align: center;\">Officina<\/h4>\n<h1 style=\"text-align: center;\">L&#8217;artista<\/h1>\n<p style=\"text-align: left;\">Ulla Kinzler \u00e8 una ceramista autodidatta con esperienza in diverse tecnologie e approcci. Dopo i primi corsi di raku e bucchero durante le vacanze estive, si \u00e8 risvegliata la passione per questo meraviglioso mestiere. Da oltre 20 anni Ulla lavora e sperimenta con l&#8217;argilla morbida e vellutata, che pu\u00f2 essere costantemente ripensata e rimodellata. L&#8217;attenzione non \u00e8 mai rivolta alla perfezione, ma sempre all&#8217;anima di un oggetto. Le sue opere sono gi\u00e0 state presentate in mostre e si possono trovare tra gli appassionati di ceramica di tutto il mondo.<\/p>\n<p>&nbsp;<\/p>\n<h4 style=\"text-align: center;\">Dai il tuo tono<\/h4>\n<p>Cosa c&#8217;\u00e8 di pi\u00f9 adatto ai Colli Euganei di lavorare con la terra? Ti piacerebbe immergerti nella meravigliosa arte della ceramica e dare libero sfogo alla tua creativit\u00e0? Allora prenota un corso durante il tuo soggiorno da noi.<\/p>\n<h2 style=\"text-align: center;\"> <\/h2>\n<h2 style=\"text-align: center;\"> <\/h2>\n<h4 style=\"text-align: center;\"><a href=\"https:\/\/lamugletta.de\/it\/studio-di-ceramica\/uno-sguardo-allinterno-del-laboratorio\/\">Acquista l&#8217;arte della ceramica di Ulla<\/a><\/h4>\n<p>Ogni oggetto di Ulla racconta la sua storia.  <a href=\"https:\/\/lamugletta.de\/it\/studio-di-ceramica\/uno-sguardo-allinterno-del-laboratorio\/\">Immergiti &#8230;<\/a><\/p>\n<p>[\/et_pb_text][\/et_pb_column][\/et_pb_row][\/et_pb_section][et_pb_section fb_built=&#8221;1&#8243; _builder_version=&#8221;4.24.2&#8243; _module_preset=&#8221;default&#8221; custom_padding=&#8221;16px|||||&#8221; global_colors_info=&#8221;{}&#8221;][et_pb_row use_custom_gutter=&#8221;on&#8221; gutter_width=&#8221;1&#8243; make_equal=&#8221;on&#8221; _builder_version=&#8221;4.24.2&#8243; _module_preset=&#8221;default&#8221; width=&#8221;95%&#8221; max_width=&#8221;2000px&#8221; global_colors_info=&#8221;{}&#8221;][et_pb_column type=&#8221;4_4&#8243; _builder_version=&#8221;4.24.2&#8243; _module_preset=&#8221;default&#8221; global_colors_info=&#8221;{}&#8221;][et_pb_gallery gallery_ids=&#8221;392,811,804,390,806,805,388,397,807,808,809,810&#8243; posts_number=&#8221;16&#8243; show_title_and_caption=&#8221;off&#8221; show_pagination=&#8221;off&#8221; _builder_version=&#8221;4.25.1&#8243; _module_preset=&#8221;default&#8221; global_colors_info=&#8221;{}&#8221;][\/et_pb_gallery][\/et_pb_column][\/et_pb_row][\/et_pb_section]<\/p>\n","protected":false},"excerpt":{"rendered":"<p>Vivi la tua creativit\u00e0 Officina La Mugletta Tocca terra, trova te stesso e superati. All&#8217;Officina La Mugletta, lo studio di ceramica di Ulla, ognuno pu\u00f2 trovare il proprio modo di esprimersi creativamente. Officina L&#8217;artista Ulla Kinzler \u00e8 una ceramista autodidatta con esperienza in diverse tecnologie e approcci. Dopo i primi corsi di raku e bucchero [&hellip;]<\/p>\n","protected":false},"author":1,"featured_media":0,"parent":0,"menu_order":0,"comment_status":"closed","ping_status":"closed","template":"","meta":{"_et_pb_use_builder":"on","_et_pb_old_content":"","_et_gb_content_width":"","footnotes":""},"class_list":["post-1288","page","type-page","status-publish","hentry"],"_links":{"self":[{"href":"https:\/\/lamugletta.de\/it\/wp-json\/wp\/v2\/pages\/1288","targetHints":{"allow":["GET"]}}],"collection":[{"href":"https:\/\/lamugletta.de\/it\/wp-json\/wp\/v2\/pages"}],"about":[{"href":"https:\/\/lamugletta.de\/it\/wp-json\/wp\/v2\/types\/page"}],"author":[{"embeddable":true,"href":"https:\/\/lamugletta.de\/it\/wp-json\/wp\/v2\/users\/1"}],"replies":[{"embeddable":true,"href":"https:\/\/lamugletta.de\/it\/wp-json\/wp\/v2\/comments?post=1288"}],"version-history":[{"count":44,"href":"https:\/\/lamugletta.de\/it\/wp-json\/wp\/v2\/pages\/1288\/revisions"}],"predecessor-version":[{"id":4127,"href":"https:\/\/lamugletta.de\/it\/wp-json\/wp\/v2\/pages\/1288\/revisions\/4127"}],"wp:attachment":[{"href":"https:\/\/lamugletta.de\/it\/wp-json\/wp\/v2\/media?parent=1288"}],"curies":[{"name":"wp","href":"https:\/\/api.w.org\/{rel}","templated":true}]}}