{"id":1308,"date":"2024-03-11T10:29:46","date_gmt":"2024-03-11T08:29:46","guid":{"rendered":"https:\/\/lamugletta.de\/la-casa\/"},"modified":"2025-12-21T12:40:40","modified_gmt":"2025-12-21T10:40:40","slug":"la-casa","status":"publish","type":"page","link":"https:\/\/lamugletta.de\/it\/la-casa\/","title":{"rendered":"La casa"},"content":{"rendered":"<p>[et_pb_section fb_built=&#8221;1&#8243; _builder_version=&#8221;4.24.2&#8243; _module_preset=&#8221;default&#8221; background_color=&#8221;rgba(190,204,151,0.31)&#8221; custom_margin=&#8221;||||true|false&#8221; custom_padding=&#8221;0px||0px||true|false&#8221; global_colors_info=&#8221;{}&#8221;][et_pb_row column_structure=&#8221;1_2,1_2&#8243; make_equal=&#8221;on&#8221; _builder_version=&#8221;4.24.2&#8243; _module_preset=&#8221;default&#8221; width=&#8221;95%&#8221; max_width=&#8221;1870px&#8221; custom_margin=&#8221;0px||||false|false&#8221; custom_padding=&#8221;0px||100px||false|false&#8221; global_colors_info=&#8221;{}&#8221;][et_pb_column type=&#8221;1_2&#8243; module_class=&#8221;content-vertical-align-bottom&#8221; _builder_version=&#8221;4.24.2&#8243; _module_preset=&#8221;default&#8221; custom_padding=&#8221;|||50px|false|false&#8221; custom_padding_tablet=&#8221;|||20px|false|false&#8221; custom_padding_phone=&#8221;|||5px|false|false&#8221; custom_padding_last_edited=&#8221;on|phone&#8221; global_colors_info=&#8221;{}&#8221;][et_pb_text admin_label=&#8221;Willkommen in La Mugletta&#8221; _builder_version=&#8221;4.25.1&#8243; _module_preset=&#8221;default&#8221; header_text_color=&#8221;#5F6062&#8243; header_font_size=&#8221;63px&#8221; header_line_height=&#8221;1.1em&#8221; header_4_text_color=&#8221;#5F6062&#8243; header_4_font_size=&#8221;14px&#8221; header_4_letter_spacing=&#8221;5px&#8221; custom_margin=&#8221;||||false|false&#8221; custom_padding=&#8221;||||false|false&#8221; custom_padding_tablet=&#8221;50px||||false|false&#8221; custom_padding_phone=&#8221;50px||||false|false&#8221; custom_padding_last_edited=&#8221;on|phone&#8221; header_font_size_tablet=&#8221;63px&#8221; header_font_size_phone=&#8221;44px&#8221; header_font_size_last_edited=&#8221;on|phone&#8221; header_4_font_size_tablet=&#8221;14px&#8221; header_4_font_size_phone=&#8221;12px&#8221; header_4_font_size_last_edited=&#8221;on|phone&#8221; global_colors_info=&#8221;{}&#8221;]<\/p>\n<h4>La casa<\/h4>\n<h1>Spazio per molte cose<\/h1>\n<p>La Mugletta \u00e8 un luogo dove esserci in maniera consapevole, dove i confini scompaiono e l&#8217;interno e l&#8217;esterno fluiscono l&#8217;uno nell&#8217;altro. Il cuore della casa \u00e8 l&#8217;ampio salotto, una sala da pranzo e soggiorno che invita alla convivialit\u00e0. Qui le persone fanno colazione al lungo tavolo, scambiano idee o riflettono, cucinano in tranquilit\u00e0, sognano davanti al camino e si immergono nei libri sui divani. E quando l&#8217;aria si fa pi\u00f9 mite, la grande finestra panoramica ad angolo si apre sulla terrazza, trasformando la zona pranzo in un&#8217;area coperta per sedersi all&#8217;aperto ed estendendo senza soluzione di continuit\u00e0 lo spazio abitativo all&#8217;aria aperta. Il Salotto \u00e8 tutto in uno e aperto a tutto.<br \/>Il giardino di 6.000 m2 offre numerose opportunit\u00e0 per ritirarsi e dispiegare i pensieri, e a chi cerca un relax ancora pi\u00f9 profondo consigliamo di visitare il seminterrato: l&#8217;area benessere con bagno turco, l&#8217;angolo lettura o lo studio di ceramica di Ulla, che ti invita a contribuire alla creazione.<\/p>\n<p>&nbsp;<\/p>\n<p>[\/et_pb_text][\/et_pb_column][et_pb_column type=&#8221;1_2&#8243; _builder_version=&#8221;4.24.2&#8243; _module_preset=&#8221;default&#8221; custom_css_main_element=&#8221;||&#8221; global_colors_info=&#8221;{}&#8221;][et_pb_gallery gallery_ids=&#8221;1202,1204,1070,1068,1044,1116,1060&#8243; fullwidth=&#8221;on&#8221; disabled_on=&#8221;off|off|off&#8221; _builder_version=&#8221;4.25.1&#8243; _module_preset=&#8221;default&#8221; max_height=&#8221;90vh&#8221; auto=&#8221;on&#8221; auto_speed=&#8221;3000&#8243; global_colors_info=&#8221;{}&#8221;][\/et_pb_gallery][\/et_pb_column][\/et_pb_row][\/et_pb_section][et_pb_section fb_built=&#8221;1&#8243; _builder_version=&#8221;4.24.2&#8243; _module_preset=&#8221;default&#8221; custom_margin=&#8221;100px||||false|false&#8221; custom_margin_tablet=&#8221;12px||||false|false&#8221; custom_margin_phone=&#8221;6px||||false|false&#8221; custom_margin_last_edited=&#8221;on|phone&#8221; custom_padding=&#8221;16px|||||&#8221; global_colors_info=&#8221;{}&#8221;][et_pb_row _builder_version=&#8221;4.24.2&#8243; _module_preset=&#8221;default&#8221; width=&#8221;84%&#8221; width_tablet=&#8221;84%&#8221; width_phone=&#8221;98%&#8221; width_last_edited=&#8221;on|phone&#8221; max_width=&#8221;2000px&#8221; module_alignment=&#8221;center&#8221; global_colors_info=&#8221;{}&#8221;][et_pb_column type=&#8221;4_4&#8243; _builder_version=&#8221;4.24.2&#8243; _module_preset=&#8221;default&#8221; custom_padding_tablet=&#8221;&#8221; custom_padding_phone=&#8221;|0px||0px|false|true&#8221; custom_padding_last_edited=&#8221;on|phone&#8221; global_colors_info=&#8221;{}&#8221;][et_pb_text admin_label=&#8221;Aufenthalt  WissensWerte&#8221; _builder_version=&#8221;4.25.1&#8243; _module_preset=&#8221;default&#8221; header_text_color=&#8221;#5F6062&#8243; header_line_height=&#8221;1.4em&#8221; header_4_font=&#8221;&#8211;et_global_body_font|900||on|||||&#8221; header_4_font_size=&#8221;15px&#8221; header_4_letter_spacing=&#8221;5px&#8221; width=&#8221;80%&#8221; max_width=&#8221;1080px&#8221; module_alignment=&#8221;center&#8221; header_font_size_tablet=&#8221;48px&#8221; header_font_size_phone=&#8221;39px&#8221; header_font_size_last_edited=&#8221;on|phone&#8221; global_colors_info=&#8221;{}&#8221;]<\/p>\n<h4 style=\"text-align: center;\">Il Soggiorno<\/h4>\n<h1 style=\"text-align: center;\">Da sapere<\/h1>\n<div><\/div>\n<p style=\"text-align: center;\">Da soli, in coppia, con tutti i tuoi cari o con un piccolo gruppo esclusivo: le nostre tre camere per gli ospiti, progettate individualmente, offrono spazio e tempo per un&#8217;ampia variet\u00e0 di costellazioni ed esigenze. Ognuna delle camere ha un proprio tono luminoso, accompagnato da legno caldo, bagni a strisce colorate nei colori del nostro giardino e ampie viste sul pittoresco paesaggio collinare. Tutte le camere sono prive di barriere architettoniche, inclusa la doccia, e possono essere completamente oscurate. Al mattino, gli ospiti possono gustare una colazione regionale preparata al momento e poi partire con le loro biciclette ed e-bike per esplorare i Colli Euganei.<\/p>\n<p>[\/et_pb_text][\/et_pb_column][\/et_pb_row][et_pb_row column_structure=&#8221;1_3,1_3,1_3&#8243; _builder_version=&#8221;4.24.2&#8243; _module_preset=&#8221;default&#8221; width=&#8221;94%&#8221; max_width=&#8221;2028px&#8221; custom_margin=&#8221;9px|auto||auto||&#8221; global_colors_info=&#8221;{}&#8221;][et_pb_column type=&#8221;1_3&#8243; _builder_version=&#8221;4.24.2&#8243; _module_preset=&#8221;default&#8221; global_colors_info=&#8221;{}&#8221;][et_pb_gallery gallery_ids=&#8221;1082,1080,1078,1084&#8243; fullwidth=&#8221;on&#8221; disabled_on=&#8221;off|off|off&#8221; _builder_version=&#8221;4.24.2&#8243; _module_preset=&#8221;default&#8221; max_height=&#8221;90vh&#8221; global_colors_info=&#8221;{}&#8221;][\/et_pb_gallery][et_pb_text admin_label=&#8221;Das gr\u00fcne Zimmer&#8221; _builder_version=&#8221;4.25.1&#8243; _module_preset=&#8221;default&#8221; header_text_color=&#8221;#5F6062&#8243; header_line_height=&#8221;1.1em&#8221; header_4_font=&#8221;&#8211;et_global_body_font|900||on|||||&#8221; header_4_text_color=&#8221;#D0D5D8&#8243; header_4_font_size=&#8221;14px&#8221; header_4_letter_spacing=&#8221;5px&#8221; custom_margin=&#8221;||||false|false&#8221; custom_padding=&#8221;||||false|false&#8221; header_font_size_tablet=&#8221;37px&#8221; header_font_size_phone=&#8221;35px&#8221; header_font_size_last_edited=&#8221;on|phone&#8221; header_4_font_size_tablet=&#8221;14px&#8221; header_4_font_size_phone=&#8221;12px&#8221; header_4_font_size_last_edited=&#8221;on|phone&#8221; global_colors_info=&#8221;{}&#8221;]<\/p>\n<h4>Colazione inclusa<\/h4>\n<h1>la camera<br \/>verde<\/h1>\n<p>La nostra camera famiglia offre spazio per quattro persone ampliando il suo spazio abitativo grazie a un soppalco con un divano letto, a cui si accede tramite una scala in legno. La vista sul verde estende il gioco di colori della stanza. E il bagno a strisce colorate fa risplendere anche i meno mattinieri.<\/p>\n<p>[\/et_pb_text][\/et_pb_column][et_pb_column type=&#8221;1_3&#8243; _builder_version=&#8221;4.24.2&#8243; _module_preset=&#8221;default&#8221; global_colors_info=&#8221;{}&#8221;][et_pb_gallery gallery_ids=&#8221;1098,1092,1090,1088,1094,1096&#8243; fullwidth=&#8221;on&#8221; disabled_on=&#8221;off|off|off&#8221; _builder_version=&#8221;4.25.1&#8243; _module_preset=&#8221;default&#8221; max_height=&#8221;90vh&#8221; global_colors_info=&#8221;{}&#8221;][\/et_pb_gallery][et_pb_text admin_label=&#8221;Das orange Zimmer&#8221; _builder_version=&#8221;4.25.1&#8243; _module_preset=&#8221;default&#8221; header_text_color=&#8221;#5F6062&#8243; header_line_height=&#8221;1.1em&#8221; header_4_font=&#8221;&#8211;et_global_body_font|900||on|||||&#8221; header_4_text_color=&#8221;#D0D5D8&#8243; header_4_font_size=&#8221;14px&#8221; header_4_letter_spacing=&#8221;5px&#8221; custom_margin=&#8221;||||false|false&#8221; custom_padding=&#8221;||||false|false&#8221; header_font_size_tablet=&#8221;37px&#8221; header_font_size_phone=&#8221;35px&#8221; header_font_size_last_edited=&#8221;on|phone&#8221; header_4_font_size_tablet=&#8221;14px&#8221; header_4_font_size_phone=&#8221;12px&#8221; header_4_font_size_last_edited=&#8221;on|phone&#8221; global_colors_info=&#8221;{}&#8221;]<\/p>\n<h4>Colazione inclusa<\/h4>\n<h1>la camera<br \/>arancione<\/h1>\n<p>La classica camera doppia, con una luminosa scrivania, un piccolo tavolo da lettura e un ampio armadio, si affaccia senza ostacoli sulla veranda. Quando il sole tramonta la sera, il cielo emula il colore arancione della stanza. E se non vuoi dimenticare i toni caldi del tramonto, puoi trovarli tra le strisce colorate del bagno.<\/p>\n<p>[\/et_pb_text][\/et_pb_column][et_pb_column type=&#8221;1_3&#8243; _builder_version=&#8221;4.24.2&#8243; _module_preset=&#8221;default&#8221; global_colors_info=&#8221;{}&#8221;][et_pb_gallery gallery_ids=&#8221;1100,1106,1104,1102&#8243; fullwidth=&#8221;on&#8221; disabled_on=&#8221;off|off|off&#8221; _builder_version=&#8221;4.24.2&#8243; _module_preset=&#8221;default&#8221; max_height=&#8221;90vh&#8221; global_colors_info=&#8221;{}&#8221;][\/et_pb_gallery][et_pb_text admin_label=&#8221;Das gelbe Zimmer&#8221; _builder_version=&#8221;4.25.1&#8243; _module_preset=&#8221;default&#8221; header_text_color=&#8221;#5F6062&#8243; header_line_height=&#8221;1.1em&#8221; header_4_text_color=&#8221;#D0D5D8&#8243; header_4_font_size=&#8221;14px&#8221; header_4_letter_spacing=&#8221;5px&#8221; custom_margin=&#8221;||||false|false&#8221; custom_padding=&#8221;||||false|false&#8221; header_font_size_tablet=&#8221;37px&#8221; header_font_size_phone=&#8221;35px&#8221; header_font_size_last_edited=&#8221;on|phone&#8221; header_4_font_size_tablet=&#8221;14px&#8221; header_4_font_size_phone=&#8221;12px&#8221; header_4_font_size_last_edited=&#8221;on|phone&#8221; global_colors_info=&#8221;{}&#8221;]<\/p>\n<h4>Colazione inclusa<\/h4>\n<h1>la camera<br \/>gialla<\/h1>\n<p>La vista dal letto galleggiante sul paesaggio verde e sul villaggio di San Biagio \u00e8 solare e luminosa come la camera matrimoniale e il suo bagno a righe estive. Quando apri la finestra scorrevole, la stanza e la veranda si fondono e il profumo del giardino riempie la stanza luminosa.<\/p>\n<p>[\/et_pb_text][\/et_pb_column][\/et_pb_row][et_pb_row _builder_version=&#8221;4.24.2&#8243; _module_preset=&#8221;default&#8221; global_colors_info=&#8221;{}&#8221;][et_pb_column type=&#8221;4_4&#8243; _builder_version=&#8221;4.24.2&#8243; _module_preset=&#8221;default&#8221; global_colors_info=&#8221;{}&#8221;][et_pb_button button_url=&#8221;@ET-DC@eyJkeW5hbWljIjp0cnVlLCJjb250ZW50IjoicG9zdF9saW5rX3VybF9wYWdlIiwic2V0dGluZ3MiOnsicG9zdF9pZCI6IjYzNiIsImVuYWJsZV9odG1sIjoib2ZmIn19@&#8221; button_text=&#8221;per prenotare!&#8221; button_alignment=&#8221;center&#8221; admin_label=&#8221;Button Anfragen&#8221; _builder_version=&#8221;4.25.1&#8243; _dynamic_attributes=&#8221;button_url&#8221; _module_preset=&#8221;_initial&#8221; custom_button=&#8221;on&#8221; button_text_size=&#8221;14px&#8221; button_text_color=&#8221;#FFFFFF&#8221; button_bg_color=&#8221;#496571&#8243; button_border_width=&#8221;0px&#8221; button_border_radius=&#8221;0px&#8221; button_letter_spacing=&#8221;0.16em&#8221; button_font=&#8221;|700||on|||||&#8221; custom_padding=&#8221;18px|24px|18px|24px|true|true&#8221; locked=&#8221;off&#8221; global_colors_info=&#8221;{}&#8221;][\/et_pb_button][\/et_pb_column][\/et_pb_row][\/et_pb_section][et_pb_section fb_built=&#8221;1&#8243; _builder_version=&#8221;4.24.2&#8243; _module_preset=&#8221;default&#8221; custom_padding=&#8221;||9px|||&#8221; global_colors_info=&#8221;{}&#8221;][et_pb_row _builder_version=&#8221;4.24.2&#8243; _module_preset=&#8221;default&#8221; width=&#8221;95%&#8221; max_width=&#8221;2000px&#8221; global_colors_info=&#8221;{}&#8221;][et_pb_column type=&#8221;4_4&#8243; _builder_version=&#8221;4.24.2&#8243; _module_preset=&#8221;default&#8221; global_colors_info=&#8221;{}&#8221;][et_pb_image src=&#8221;https:\/\/lamugletta.de\/wp-content\/uploads\/2024\/03\/Jocopo_Tonet_201322-Edit.jpg&#8221; title_text=&#8221;Jocopo_Tonet_201322-Edit&#8221; admin_label=&#8221;grosses Bild&#8221; _builder_version=&#8221;4.24.2&#8243; _module_preset=&#8221;default&#8221; global_colors_info=&#8221;{}&#8221; transform_styles__hover_enabled=&#8221;on|desktop&#8221; transform_scale__hover_enabled=&#8221;on|desktop&#8221; transform_translate__hover_enabled=&#8221;on|desktop&#8221; transform_rotate__hover_enabled=&#8221;on|desktop&#8221; transform_skew__hover_enabled=&#8221;on|desktop&#8221; transform_origin__hover_enabled=&#8221;on|desktop&#8221; transform_scale__hover=&#8221;97%|97%&#8221;][\/et_pb_image][\/et_pb_column][\/et_pb_row][\/et_pb_section][et_pb_section fb_built=&#8221;1&#8243; _builder_version=&#8221;4.24.2&#8243; _module_preset=&#8221;default&#8221; global_colors_info=&#8221;{}&#8221;][et_pb_row _builder_version=&#8221;4.24.2&#8243; _module_preset=&#8221;default&#8221; width_tablet=&#8221;&#8221; width_phone=&#8221;98%&#8221; width_last_edited=&#8221;on|phone&#8221; max_width=&#8221;1996px&#8221; global_colors_info=&#8221;{}&#8221;][et_pb_column type=&#8221;4_4&#8243; _builder_version=&#8221;4.24.2&#8243; _module_preset=&#8221;default&#8221; global_colors_info=&#8221;{}&#8221;][et_pb_image src=&#8221;https:\/\/lamugletta.de\/wp-content\/uploads\/2024\/03\/Jocopo_Tonet_1733.jpg&#8221; title_text=&#8221;Jocopo_Tonet_1733&#8243; align=&#8221;center&#8221; admin_label=&#8221;Bild Ulla&#8221; _builder_version=&#8221;4.25.1&#8243; _module_preset=&#8221;default&#8221; max_width=&#8221;300px&#8221; max_height=&#8221;300px&#8221; border_radii=&#8221;on|500px|500px|500px|500px&#8221; locked=&#8221;off&#8221; global_colors_info=&#8221;{}&#8221;][\/et_pb_image][et_pb_text admin_label=&#8221;Fr\u00fchst\u00fcck &#038; andere Gaumenfreuden&#8221; _builder_version=&#8221;4.25.1&#8243; _module_preset=&#8221;default&#8221; header_text_color=&#8221;#5F6062&#8243; header_line_height=&#8221;1.4em&#8221; header_4_font_size=&#8221;15px&#8221; header_4_letter_spacing=&#8221;5px&#8221; width=&#8221;80%&#8221; width_tablet=&#8221;80%&#8221; width_phone=&#8221;96%&#8221; width_last_edited=&#8221;on|phone&#8221; max_width=&#8221;1080px&#8221; module_alignment=&#8221;center&#8221; header_font_size_tablet=&#8221;45px&#8221; header_font_size_phone=&#8221;39px&#8221; header_font_size_last_edited=&#8221;on|phone&#8221; global_colors_info=&#8221;{}&#8221;]<\/p>\n<h4 style=\"text-align: center;\">Il cibo \u00e8 vita<\/h4>\n<h1 style=\"text-align: center;\">Colazione e altre delizie culinarie<\/h1>\n<p style=\"text-align: center;\">Come suggerisce il nome, la colazione \u00e8 un must in un B&amp;B. Ogni mattina, l&#8217;isola della cucina del Salotto si trasforma in una composizione personalizzata di marmellate fatte in casa, pane fresco, una variet\u00e0 di torte, frutta del giardino, uova delle nostre galline, miele delle nostre api e molte altre prelibatezze della regione o del nostro orto. Tutto \u00e8 volutamente locale, biologico e multiforme, tanto che la colazione \u00e8 quasi un brunch.<br \/>Su richiesta, offriamo anche un &#8220;Apero Cena&#8221;, un misto tra aperitivo e cena, che consiste in tante piccole prelibatezze culinarie. Come il nostro &#8220;Tagliere x 2&#8221; con salumi e formaggi regionali selezionati. Se desideri un menu completo, saremo lieti di organizzare &#8220;Lo Chef @ La Mugletta&#8221;.<br \/>Di solito cerchiamo di anticipare i tuoi desideri prima che si manifestino. Se manca qualcosa o se hai domande o desideri informazioni su raccomandazioni o escursioni, saremo felici di aiutarti.<\/p>\n<p>[\/et_pb_text][\/et_pb_column][\/et_pb_row][\/et_pb_section][et_pb_section fb_built=&#8221;1&#8243; _builder_version=&#8221;4.24.2&#8243; _module_preset=&#8221;default&#8221; global_colors_info=&#8221;{}&#8221;][et_pb_row use_custom_gutter=&#8221;on&#8221; gutter_width=&#8221;1&#8243; make_equal=&#8221;on&#8221; _builder_version=&#8221;4.24.2&#8243; _module_preset=&#8221;default&#8221; width=&#8221;95%&#8221; max_width=&#8221;2000px&#8221; global_colors_info=&#8221;{}&#8221;][et_pb_column type=&#8221;4_4&#8243; _builder_version=&#8221;4.24.2&#8243; _module_preset=&#8221;default&#8221; global_colors_info=&#8221;{}&#8221;][et_pb_gallery gallery_ids=&#8221;1110,1026,1162,1132,1170,1038,1166,1056,1182,1066,1060,1048,1054,1050,1058,1064&#8243; posts_number=&#8221;16&#8243; orientation=&#8221;portrait&#8221; show_title_and_caption=&#8221;off&#8221; show_pagination=&#8221;off&#8221; _builder_version=&#8221;4.25.1&#8243; _module_preset=&#8221;default&#8221; global_colors_info=&#8221;{}&#8221;][\/et_pb_gallery][\/et_pb_column][\/et_pb_row][\/et_pb_section]<\/p>\n","protected":false},"excerpt":{"rendered":"<p>La casa Spazio per molte cose La Mugletta \u00e8 un luogo dove esserci in maniera consapevole, dove i confini scompaiono e l&#8217;interno e l&#8217;esterno fluiscono l&#8217;uno nell&#8217;altro. Il cuore della casa \u00e8 l&#8217;ampio salotto, una sala da pranzo e soggiorno che invita alla convivialit\u00e0. Qui le persone fanno colazione al lungo tavolo, scambiano idee o [&hellip;]<\/p>\n","protected":false},"author":1,"featured_media":0,"parent":0,"menu_order":0,"comment_status":"closed","ping_status":"closed","template":"","meta":{"_et_pb_use_builder":"on","_et_pb_old_content":"","_et_gb_content_width":"","footnotes":""},"class_list":["post-1308","page","type-page","status-publish","hentry"],"_links":{"self":[{"href":"https:\/\/lamugletta.de\/it\/wp-json\/wp\/v2\/pages\/1308","targetHints":{"allow":["GET"]}}],"collection":[{"href":"https:\/\/lamugletta.de\/it\/wp-json\/wp\/v2\/pages"}],"about":[{"href":"https:\/\/lamugletta.de\/it\/wp-json\/wp\/v2\/types\/page"}],"author":[{"embeddable":true,"href":"https:\/\/lamugletta.de\/it\/wp-json\/wp\/v2\/users\/1"}],"replies":[{"embeddable":true,"href":"https:\/\/lamugletta.de\/it\/wp-json\/wp\/v2\/comments?post=1308"}],"version-history":[{"count":21,"href":"https:\/\/lamugletta.de\/it\/wp-json\/wp\/v2\/pages\/1308\/revisions"}],"predecessor-version":[{"id":5070,"href":"https:\/\/lamugletta.de\/it\/wp-json\/wp\/v2\/pages\/1308\/revisions\/5070"}],"wp:attachment":[{"href":"https:\/\/lamugletta.de\/it\/wp-json\/wp\/v2\/media?parent=1308"}],"curies":[{"name":"wp","href":"https:\/\/api.w.org\/{rel}","templated":true}]}}