{"id":1309,"date":"2024-05-27T10:41:34","date_gmt":"2024-05-27T08:41:34","guid":{"rendered":"https:\/\/lamugletta.de\/impronta\/"},"modified":"2025-07-21T11:43:24","modified_gmt":"2025-07-21T09:43:24","slug":"impronta","status":"publish","type":"page","link":"https:\/\/lamugletta.de\/it\/impronta\/","title":{"rendered":"Impronta"},"content":{"rendered":"<p>[et_pb_section fb_built=&#8221;1&#8243; _builder_version=&#8221;4.25.1&#8243; _module_preset=&#8221;default&#8221; global_colors_info=&#8221;{}&#8221;][et_pb_row _builder_version=&#8221;4.25.1&#8243; _module_preset=&#8221;default&#8221; global_colors_info=&#8221;{}&#8221;][et_pb_column type=&#8221;4_4&#8243; _builder_version=&#8221;4.25.1&#8243; _module_preset=&#8221;default&#8221; global_colors_info=&#8221;{}&#8221;][et_pb_text _builder_version=&#8221;4.25.2&#8243; _module_preset=&#8221;default&#8221; global_colors_info=&#8221;{}&#8221;]<\/p>\n<h1>Impronta<\/h1>\n<h3>Informazioni ai sensi del \u00a7 5 TMG:<\/h3>\n<p>B&amp;B La Mugletta di Ulla Maria Rose Kinzler Via Gloria 2A I-35037 Teolo (PD) &#8211; Italy Tax ID \/ Partita IVA: 05012070289 Registro delle Imprese Padova \/ registered at Chamber of Commerce Padova Numero REA: PD-436019; CIN: IT028089B4RPD5U3OQ<\/p>\n<p><strong>Nota sul \u00a7 36 VSBG:<\/strong> non partecipiamo a procedure di risoluzione delle controversie davanti a un collegio arbitrale dei consumatori e non siamo obbligati a farlo.<\/p>\n<p>R<strong>esponsabilit\u00e0 per i contenuti<\/strong> In qualit\u00e0 di fornitore di servizi, siamo responsabili ai sensi del \u00a7 7 comma 1 TMG \u00e8 responsabile dei propri contenuti su queste pagine in base alle leggi generali. <br \/>Ai sensi dei \u00a7\u00a7 8-10 TMG, tuttavia, in qualit\u00e0 di fornitore di servizi non siamo obbligati a monitorare le informazioni trasmesse o memorizzate da terzi o a indagare su circostanze che indichino un&#8217;attivit\u00e0 illegale. Gli obblighi di rimuovere o bloccare l&#8217;uso delle informazioni in conformit\u00e0 con le leggi generali rimangono inalterati. Tuttavia, la responsabilit\u00e0 in questo senso \u00e8 possibile solo a partire dal momento in cui si viene a conoscenza di una specifica violazione. Non appena verremo a conoscenza di tali violazioni, rimuoveremo immediatamente i contenuti.<\/p>\n<p>R<strong>esponsabilit\u00e0 per i link<\/strong> Il nostro sito web contiene link a siti web esterni di terzi sui cui contenuti non abbiamo alcuna influenza. Pertanto, non possiamo accettare alcuna responsabilit\u00e0 per questi contenuti di terzi. Il rispettivo fornitore o gestore delle pagine \u00e8 sempre responsabile del contenuto delle pagine collegate. Le pagine collegate sono state controllate per verificare eventuali violazioni legali al momento del collegamento. <br \/>Il contenuto illegale non era riconoscibile al momento del collegamento. Tuttavia, il monitoraggio permanente del contenuto delle pagine collegate non \u00e8 ragionevole senza prove concrete di una violazione. Se veniamo a conoscenza di eventuali violazioni legali, rimuoveremo immediatamente tali link.<\/p>\n<p>C<strong>opyright<\/strong> I contenuti e le opere create dagli operatori del sito in queste pagine sono soggetti alla legge tedesca sul copyright. La riproduzione, la modifica, la distribuzione e qualsiasi tipo di utilizzo al di fuori dei limiti della legge sul copyright richiedono il consenso scritto del rispettivo autore o creatore. <br \/>I download e le copie di questo sito sono consentiti solo per uso privato e non commerciale. Nella misura in cui il contenuto di questo sito non \u00e8 stato creato dall&#8217;operatore, si rispettano i diritti d&#8217;autore di terzi. In particolare, i contenuti di terze parti sono etichettati come tali. Se tuttavia dovessi venire a conoscenza di una violazione del copyright, ti preghiamo di informarci di conseguenza. Se veniamo a conoscenza di eventuali violazioni legali, rimuoveremo immediatamente tali contenuti.<\/p>\n<h3>Diritti d&#8217;immagine:<\/h3>\n<div>Chap Achen, Liz Bernatzek, Britta Kr\u00e4mer, Ulla Mugler, Julian Mullan, Franco Trivellato, Jacopo Tonet, Camilla Vazzoler, Antony Wilder<\/div>\n<h3>Progettazione e realizzazione web:<\/h3>\n<p>Inga Kr\u00e4mer, www.purplemedia.de<\/p>\n<p>[\/et_pb_text][\/et_pb_column][\/et_pb_row][\/et_pb_section]<\/p>\n","protected":false},"excerpt":{"rendered":"<p>Impronta Informazioni ai sensi del \u00a7 5 TMG: B&amp;B La Mugletta di Ulla Maria Rose Kinzler Via Gloria 2A I-35037 Teolo (PD) &#8211; Italy Tax ID \/ Partita IVA: 05012070289 Registro delle Imprese Padova \/ registered at Chamber of Commerce Padova Numero REA: PD-436019; CIN: IT028089B4RPD5U3OQ Nota sul \u00a7 36 VSBG: non partecipiamo a procedure [&hellip;]<\/p>\n","protected":false},"author":1,"featured_media":0,"parent":0,"menu_order":0,"comment_status":"closed","ping_status":"closed","template":"","meta":{"_et_pb_use_builder":"on","_et_pb_old_content":"","_et_gb_content_width":"","footnotes":""},"class_list":["post-1309","page","type-page","status-publish","hentry"],"_links":{"self":[{"href":"https:\/\/lamugletta.de\/it\/wp-json\/wp\/v2\/pages\/1309","targetHints":{"allow":["GET"]}}],"collection":[{"href":"https:\/\/lamugletta.de\/it\/wp-json\/wp\/v2\/pages"}],"about":[{"href":"https:\/\/lamugletta.de\/it\/wp-json\/wp\/v2\/types\/page"}],"author":[{"embeddable":true,"href":"https:\/\/lamugletta.de\/it\/wp-json\/wp\/v2\/users\/1"}],"replies":[{"embeddable":true,"href":"https:\/\/lamugletta.de\/it\/wp-json\/wp\/v2\/comments?post=1309"}],"version-history":[{"count":12,"href":"https:\/\/lamugletta.de\/it\/wp-json\/wp\/v2\/pages\/1309\/revisions"}],"predecessor-version":[{"id":4532,"href":"https:\/\/lamugletta.de\/it\/wp-json\/wp\/v2\/pages\/1309\/revisions\/4532"}],"wp:attachment":[{"href":"https:\/\/lamugletta.de\/it\/wp-json\/wp\/v2\/media?parent=1309"}],"curies":[{"name":"wp","href":"https:\/\/api.w.org\/{rel}","templated":true}]}}