{"id":1324,"date":"2024-05-13T11:16:07","date_gmt":"2024-05-13T09:16:07","guid":{"rendered":"https:\/\/lamugletta.de\/prenotazione-e-prezzi\/"},"modified":"2026-03-22T13:19:34","modified_gmt":"2026-03-22T11:19:34","slug":"prenotazione-e-prezzi","status":"publish","type":"page","link":"https:\/\/lamugletta.de\/it\/prenotazione-e-prezzi\/","title":{"rendered":"Prenotazione e prezzi"},"content":{"rendered":"<p>[et_pb_section fb_built=&#8221;1&#8243; _builder_version=&#8221;4.25.1&#8243; _module_preset=&#8221;default&#8221; background_color=&#8221;rgba(86,211,197,0.53)&#8221; custom_margin=&#8221;||||true|false&#8221; custom_padding=&#8221;100px||5px||false|false&#8221; global_colors_info=&#8221;{}&#8221;][et_pb_row column_structure=&#8221;2_3,1_3&#8243; make_equal=&#8221;on&#8221; _builder_version=&#8221;4.25.1&#8243; _module_preset=&#8221;default&#8221; width=&#8221;90%&#8221; width_tablet=&#8221;96%&#8221; width_phone=&#8221;93%&#8221; width_last_edited=&#8221;on|phone&#8221; max_width=&#8221;1764px&#8221; module_alignment=&#8221;center&#8221; custom_margin=&#8221;0px||||false|false&#8221; custom_padding=&#8221;0px||100px||false|false&#8221; global_colors_info=&#8221;{}&#8221;][et_pb_column type=&#8221;2_3&#8243; module_class=&#8221;content-vertical-align-bottom&#8221; _builder_version=&#8221;4.25.1&#8243; _module_preset=&#8221;default&#8221; custom_padding=&#8221;|||0px|false|false&#8221; custom_padding_tablet=&#8221;|||0px|false|false&#8221; custom_padding_phone=&#8221;|||0px|false|false&#8221; custom_padding_last_edited=&#8221;on|desktop&#8221; global_colors_info=&#8221;{}&#8221;][et_pb_image src=&#8221;https:\/\/lamugletta.de\/wp-content\/uploads\/2024\/03\/Jacopo_Tonet_1643.jpg&#8221; title_text=&#8221;Jacopo_Tonet_1643&#8243; admin_label=&#8221;Bild Ulla und Eberhard&#8221; _builder_version=&#8221;4.25.1&#8243; _module_preset=&#8221;default&#8221; global_colors_info=&#8221;{}&#8221; transform_styles__hover_enabled=&#8221;on|desktop&#8221; transform_scale__hover_enabled=&#8221;on|desktop&#8221; transform_translate__hover_enabled=&#8221;on|desktop&#8221; transform_rotate__hover_enabled=&#8221;on|desktop&#8221; transform_skew__hover_enabled=&#8221;on|desktop&#8221; transform_origin__hover_enabled=&#8221;on|desktop&#8221; transform_scale__hover=&#8221;97%|97%&#8221;][\/et_pb_image][\/et_pb_column][et_pb_column type=&#8221;1_3&#8243; _builder_version=&#8221;4.25.1&#8243; _module_preset=&#8221;default&#8221; global_colors_info=&#8221;{}&#8221;][et_pb_text admin_label=&#8221;Ihr Kontakt zu uns  Anfragen&#8221; _builder_version=&#8221;4.27.6&#8243; _module_preset=&#8221;default&#8221; header_text_color=&#8221;#5F6062&#8243; header_font_size=&#8221;63px&#8221; header_line_height=&#8221;1.1em&#8221; header_4_font=&#8221;&#8211;et_global_heading_font|900||on|||||&#8221; header_4_text_color=&#8221;#5F6062&#8243; header_4_font_size=&#8221;14px&#8221; header_4_letter_spacing=&#8221;5px&#8221; custom_margin=&#8221;||||false|false&#8221; custom_padding=&#8221;||||false|false&#8221; header_font_size_tablet=&#8221;63px&#8221; header_font_size_phone=&#8221;44px&#8221; header_font_size_last_edited=&#8221;on|phone&#8221; header_4_font_size_tablet=&#8221;14px&#8221; header_4_font_size_phone=&#8221;12px&#8221; header_4_font_size_last_edited=&#8221;on|phone&#8221; global_colors_info=&#8221;{}&#8221;]<\/p>\n<h4>Contattaci<\/h4>\n<h1>Richiesta di informazioni<\/h1>\n<p>Per richiedere una prenotazione, inviaci un&#8217;e-mail, un SMS o un WhatsApp, oppure chiamaci.<\/p>\n<p>MAIL: lamugletta@gmail.com<br \/>TEL: +39 329 2170056<\/p>\n<p>La Mugletta parla italiano, tedesco, inglese, francese e portoghese.<\/p>\n<p>Viaggi in elettrico? Puoi ricaricarla presso la stazione di ricarica nel nostro parcheggio. <\/p>\n<p>Viaggi con il tuo animale domestico? Scorri la pagina fino alla nostra politica sugli animali domestici.<\/p>\n<p>E puoi trovarci qui:<br \/>Via A. Gloria, 2\/A<br \/>I-35037 Teolo (PD)<\/p>\n<p>[\/et_pb_text][\/et_pb_column][\/et_pb_row][\/et_pb_section][et_pb_section fb_built=&#8221;1&#8243; _builder_version=&#8221;4.24.2&#8243; _module_preset=&#8221;default&#8221; custom_margin=&#8221;100px||||false|false&#8221; custom_margin_tablet=&#8221;100px||||false|false&#8221; custom_margin_phone=&#8221;50px||||false|false&#8221; custom_margin_last_edited=&#8221;on|phone&#8221; global_colors_info=&#8221;{}&#8221;][et_pb_row column_structure=&#8221;3_5,2_5&#8243; _builder_version=&#8221;4.25.1&#8243; _module_preset=&#8221;default&#8221; width=&#8221;84%&#8221; width_tablet=&#8221;84%&#8221; width_phone=&#8221;95%&#8221; width_last_edited=&#8221;on|phone&#8221; max_width=&#8221;2000px&#8221; module_alignment=&#8221;center&#8221; global_colors_info=&#8221;{}&#8221;][et_pb_column type=&#8221;3_5&#8243; _builder_version=&#8221;4.24.2&#8243; _module_preset=&#8221;default&#8221; custom_padding_tablet=&#8221;&#8221; custom_padding_phone=&#8221;|0px||0px|false|true&#8221; custom_padding_last_edited=&#8221;on|phone&#8221; global_colors_info=&#8221;{}&#8221;][et_pb_text admin_label=&#8221;Kontaktformular \u00dcberschrift&#8221; _builder_version=&#8221;4.25.1&#8243; _module_preset=&#8221;default&#8221; header_text_color=&#8221;#5F6062&#8243; header_line_height=&#8221;1.4em&#8221; header_4_font=&#8221;Gotham bold|||on|||||&#8221; header_4_font_size=&#8221;15px&#8221; header_4_letter_spacing=&#8221;5px&#8221; width=&#8221;80%&#8221; width_tablet=&#8221;80%&#8221; width_phone=&#8221;90%&#8221; width_last_edited=&#8221;on|desktop&#8221; max_width=&#8221;1080px&#8221; module_alignment=&#8221;center&#8221; custom_margin=&#8221;||3px|||&#8221; header_font_size_tablet=&#8221;48px&#8221; header_font_size_phone=&#8221;39px&#8221; header_font_size_last_edited=&#8221;on|phone&#8221; global_colors_info=&#8221;{}&#8221;]<\/p>\n<h4 style=\"text-align: center;\">Quando vorresti venire?<\/h4>\n<h1 style=\"text-align: center;\">Modulo di contatto<\/h1>\n<p>&nbsp;<\/p>\n<p>[\/et_pb_text][et_pb_contact_form email=&#8221;lamugletta@gmail.com&#8221; _builder_version=&#8221;4.25.1&#8243; _module_preset=&#8221;default&#8221; _unique_id=&#8221;acdd56c8-af51-4ad3-bdbb-0a9b58585a6d&#8221; form_field_custom_padding=&#8221;||||false|false&#8221; form_field_font_size=&#8221;14px&#8221; global_colors_info=&#8221;{}&#8221;][et_pb_contact_field field_id=&#8221;Anreise&#8221; field_title=&#8221;Data arrivo&#8221; _builder_version=&#8221;4.25.1&#8243; _module_preset=&#8221;default&#8221; use_field_placeholder=&#8221;on&#8221; field_description=&#8221;Anreise&#8221; field_description_location=&#8221;above&#8221; use_datetime=&#8221;on&#8221; datetime_type=&#8221;date&#8221; date_format=&#8221;F j, Y&#8221; custom_date_format=&#8221;j F, Y&#8221; datetime_disabled_week_days=&#8221;off|off|off|off|off|off|off&#8221; datetime_disabled_past_days=&#8221;on&#8221; global_colors_info=&#8221;{}&#8221;][\/et_pb_contact_field][et_pb_contact_field field_id=&#8221;Abreise&#8221; field_title=&#8221;Data partenza&#8221; _builder_version=&#8221;4.25.1&#8243; _module_preset=&#8221;default&#8221; use_field_placeholder=&#8221;on&#8221; field_description=&#8221;Abreise&#8221; field_description_location=&#8221;above&#8221; use_datetime=&#8221;on&#8221; datetime_type=&#8221;date&#8221; date_format=&#8221;F j, Y&#8221; custom_date_format=&#8221;j F, Y&#8221; datetime_disabled_week_days=&#8221;off|off|off|off|off|off|off&#8221; datetime_disabled_past_days=&#8221;on&#8221; global_colors_info=&#8221;{}&#8221;][\/et_pb_contact_field][et_pb_contact_field field_id=&#8221;Zimmer&#8221; field_title=&#8221;Camere&#8221; field_type=&#8221;select&#8221; select_options=&#8221;%91{%22value%22:%221%22,%22checked%22:0,%22dragID%22:-1},{%22dragID%22:0,%22value%22:%222%22,%22checked%22:0},{%22dragID%22:1,%22value%22:%223%22,%22checked%22:0}%93&#8243; _builder_version=&#8221;4.25.1&#8243; _module_preset=&#8221;default&#8221; field_placeholder=&#8221;bitte ausw\u00e4hlen&#8221; field_description=&#8221;Anzahl der Zimmer&#8221; field_description_location=&#8221;above&#8221; global_colors_info=&#8221;{}&#8221;][\/et_pb_contact_field][et_pb_contact_field field_id=&#8221;Personen&#8221; field_title=&#8221;Persone&#8221; field_type=&#8221;select&#8221; select_options=&#8221;%91{%22value%22:%221%22,%22checked%22:0,%22dragID%22:-1},{%22dragID%22:4,%22value%22:%222%22,%22checked%22:0},{%22dragID%22:5,%22value%22:%223%22,%22checked%22:0},{%22dragID%22:6,%22value%22:%224%22,%22checked%22:0},{%22dragID%22:7,%22value%22:%225%22,%22checked%22:0},{%22dragID%22:8,%22value%22:%226%22,%22checked%22:0},{%22dragID%22:9,%22value%22:%227%22,%22checked%22:0},{%22dragID%22:10,%22value%22:%228%22,%22checked%22:0},{%22dragID%22:11,%22value%22:%229%22,%22checked%22:0},{%22dragID%22:12,%22value%22:%2210%22,%22checked%22:0}%93&#8243; _builder_version=&#8221;4.25.1&#8243; _module_preset=&#8221;default&#8221; field_placeholder=&#8221;bitte ausw\u00e4hlen&#8221; field_description=&#8221;Anzahl Personen&#8221; field_description_location=&#8221;above&#8221; global_colors_info=&#8221;{}&#8221;][\/et_pb_contact_field][et_pb_contact_field field_id=&#8221;Name&#8221; field_title=&#8221;Nome e cognome&#8221; _builder_version=&#8221;4.25.1&#8243; global_colors_info=&#8221;{}&#8221; button_text_size__hover_enabled=&#8221;off&#8221; button_one_text_size__hover_enabled=&#8221;off&#8221; button_two_text_size__hover_enabled=&#8221;off&#8221; button_text_color__hover_enabled=&#8221;off&#8221; button_one_text_color__hover_enabled=&#8221;off&#8221; button_two_text_color__hover_enabled=&#8221;off&#8221; button_border_width__hover_enabled=&#8221;off&#8221; button_one_border_width__hover_enabled=&#8221;off&#8221; button_two_border_width__hover_enabled=&#8221;off&#8221; button_border_color__hover_enabled=&#8221;off&#8221; button_one_border_color__hover_enabled=&#8221;off&#8221; button_two_border_color__hover_enabled=&#8221;off&#8221; button_border_radius__hover_enabled=&#8221;off&#8221; button_one_border_radius__hover_enabled=&#8221;off&#8221; button_two_border_radius__hover_enabled=&#8221;off&#8221; button_letter_spacing__hover_enabled=&#8221;off&#8221; button_one_letter_spacing__hover_enabled=&#8221;off&#8221; button_two_letter_spacing__hover_enabled=&#8221;off&#8221; button_bg_color__hover_enabled=&#8221;off&#8221; button_one_bg_color__hover_enabled=&#8221;off&#8221; button_two_bg_color__hover_enabled=&#8221;off&#8221;][\/et_pb_contact_field][et_pb_contact_field field_id=&#8221;Email&#8221; field_title=&#8221;Indirizzo e-mail&#8221; field_type=&#8221;email&#8221; _builder_version=&#8221;4.16&#8243; global_colors_info=&#8221;{}&#8221; button_text_size__hover_enabled=&#8221;off&#8221; button_one_text_size__hover_enabled=&#8221;off&#8221; button_two_text_size__hover_enabled=&#8221;off&#8221; button_text_color__hover_enabled=&#8221;off&#8221; button_one_text_color__hover_enabled=&#8221;off&#8221; button_two_text_color__hover_enabled=&#8221;off&#8221; button_border_width__hover_enabled=&#8221;off&#8221; button_one_border_width__hover_enabled=&#8221;off&#8221; button_two_border_width__hover_enabled=&#8221;off&#8221; button_border_color__hover_enabled=&#8221;off&#8221; button_one_border_color__hover_enabled=&#8221;off&#8221; button_two_border_color__hover_enabled=&#8221;off&#8221; button_border_radius__hover_enabled=&#8221;off&#8221; button_one_border_radius__hover_enabled=&#8221;off&#8221; button_two_border_radius__hover_enabled=&#8221;off&#8221; button_letter_spacing__hover_enabled=&#8221;off&#8221; button_one_letter_spacing__hover_enabled=&#8221;off&#8221; button_two_letter_spacing__hover_enabled=&#8221;off&#8221; button_bg_color__hover_enabled=&#8221;off&#8221; button_one_bg_color__hover_enabled=&#8221;off&#8221; button_two_bg_color__hover_enabled=&#8221;off&#8221;][\/et_pb_contact_field][et_pb_contact_field field_id=&#8221;Message&#8221; field_title=&#8221;Messaggio&#8221; field_type=&#8221;text&#8221; required_mark=&#8221;off&#8221; fullwidth_field=&#8221;on&#8221; _builder_version=&#8221;4.25.1&#8243; global_colors_info=&#8221;{}&#8221; button_text_size__hover_enabled=&#8221;off&#8221; button_one_text_size__hover_enabled=&#8221;off&#8221; button_two_text_size__hover_enabled=&#8221;off&#8221; button_text_color__hover_enabled=&#8221;off&#8221; button_one_text_color__hover_enabled=&#8221;off&#8221; button_two_text_color__hover_enabled=&#8221;off&#8221; button_border_width__hover_enabled=&#8221;off&#8221; button_one_border_width__hover_enabled=&#8221;off&#8221; button_two_border_width__hover_enabled=&#8221;off&#8221; button_border_color__hover_enabled=&#8221;off&#8221; button_one_border_color__hover_enabled=&#8221;off&#8221; button_two_border_color__hover_enabled=&#8221;off&#8221; button_border_radius__hover_enabled=&#8221;off&#8221; button_one_border_radius__hover_enabled=&#8221;off&#8221; button_two_border_radius__hover_enabled=&#8221;off&#8221; button_letter_spacing__hover_enabled=&#8221;off&#8221; button_one_letter_spacing__hover_enabled=&#8221;off&#8221; button_two_letter_spacing__hover_enabled=&#8221;off&#8221; button_bg_color__hover_enabled=&#8221;off&#8221; button_one_bg_color__hover_enabled=&#8221;off&#8221; button_two_bg_color__hover_enabled=&#8221;off&#8221;][\/et_pb_contact_field][\/et_pb_contact_form][\/et_pb_column][et_pb_column type=&#8221;2_5&#8243; _builder_version=&#8221;4.25.1&#8243; _module_preset=&#8221;default&#8221; global_colors_info=&#8221;{}&#8221;][et_pb_text admin_label=&#8221;Wissenswertes  Informationen zu Ihrem Aufenthalt&#8221; _builder_version=&#8221;4.25.1&#8243; _module_preset=&#8221;default&#8221; header_text_color=&#8221;#5F6062&#8243; header_line_height=&#8221;1.4em&#8221; header_4_font=&#8221;Gotham bold|||on|||||&#8221; header_4_font_size=&#8221;15px&#8221; header_4_letter_spacing=&#8221;5px&#8221; width=&#8221;80%&#8221; width_tablet=&#8221;80%&#8221; width_phone=&#8221;90%&#8221; width_last_edited=&#8221;on|desktop&#8221; max_width=&#8221;1080px&#8221; module_alignment=&#8221;center&#8221; custom_margin=&#8221;||4px|||&#8221; header_font_size_tablet=&#8221;48px&#8221; header_font_size_phone=&#8221;39px&#8221; header_font_size_last_edited=&#8221;on|phone&#8221; global_colors_info=&#8221;{}&#8221;]<\/p>\n<h4 style=\"text-align: center;\">Informazioni importanti<\/h4>\n<h1 style=\"text-align: center;\">Informazioni sul tuo soggiorno<\/h1>\n<p>&nbsp;<\/p>\n<p>[\/et_pb_text][et_pb_accordion admin_label=&#8221;Akkordeon I Infos&#8221; _builder_version=&#8221;4.27.6&#8243; _module_preset=&#8221;default&#8221; custom_margin=&#8221;||||false|false&#8221; custom_padding=&#8221;||||false|false&#8221; global_colors_info=&#8221;{}&#8221;][et_pb_accordion_item title=&#8221;Prezzi&#8221; open=&#8221;on&#8221; _builder_version=&#8221;4.27.5&#8243; _module_preset=&#8221;default&#8221; global_colors_info=&#8221;{}&#8221;]<\/p>\n<p>La nostra tariffa per il 2026 \u00e8 di 245\u20ac a notte per camera doppia, inclusa la nostra ricca e varia colazione. Cerchiamo sempre di viziarti con ingredienti regionali e stagionali di produzione biologica.<br \/>La Mugletta richiede un soggiorno minimo di 2 notti, ma possono essere applicate alcune eccezioni.<br \/>Se utilizzi le nostre camere doppie come camere singole, riceverai uno sconto di 75\u20ac. <\/p>\n<ul>\n<li>I bambini sotto i 3 anni non pagano<\/li>\n<li>I bambini\/adolescenti tra i 3 e i 16 anni pagano \u20ac55 a notte<\/li>\n<li>Per una persona in pi\u00f9 a partire da 16 anni nella stessa camera, il costo \u00e8 di 75 \u20ac a notte.<\/li>\n<li>Potrebbero essere applicate tariffe speciali per soggiorni di lunga durata, si prega di informarsi.<\/li>\n<li>Animali domestici su richiesta (vedi sotto) 15 \u20ac al giorno.<\/li>\n<\/ul>\n<p>Poich\u00e9 i Colli Euganei e La Mugletta sono un&#8217;esperienza meravigliosa in qualsiasi periodo dell&#8217;anno, non ci sono prezzi stagionali.<br \/>Per tutti gli ospiti dai 16 anni in su, \u00e8 prevista una tassa di soggiorno aggiuntiva di 1\u20ac a persona (massimo 7\u20ac a persona per soggiorno).<\/p>\n<p>[\/et_pb_accordion_item][et_pb_accordion_item title=&#8221;Prenota e paga&#8221; _builder_version=&#8221;4.27.4&#8243; _module_preset=&#8221;default&#8221; custom_margin=&#8221;-30px||||false|false&#8221; custom_margin_tablet=&#8221;0px||||false|false&#8221; custom_margin_phone=&#8221;0px||||false|false&#8221; custom_margin_last_edited=&#8221;on|desktop&#8221; global_colors_info=&#8221;{}&#8221; open=&#8221;off&#8221;]<\/p>\n<p>Una volta confermate le date che preferisci, ti chiederemo un deposito del 30% dell&#8217;importo totale (o almeno il costo della prima notte) per garantire la prenotazione. Puoi cancellare gratuitamente fino a 42 giorni (6 settimane) prima dell&#8217;arrivo previsto.<br \/>Accettiamo tutte le principali carte di credito e sistemi contactless (MasterCard, Visa, Maestro, Visa Electron, American Express, Carta S\u00ec, V-Pay, China Union Pay, JCB, Diners, ApplePay, AndroidPay, SamsungPay ecc.) Ti ricordiamo, tuttavia, che non accettiamo assegni.<\/p>\n<p>[\/et_pb_accordion_item][et_pb_accordion_item title=&#8221;Come raggiungerci&#8221; _builder_version=&#8221;4.27.6&#8243; _module_preset=&#8221;default&#8221; custom_margin=&#8221;-30px||||false|false&#8221; custom_margin_tablet=&#8221;0px||||false|false&#8221; custom_margin_phone=&#8221;0px||||false|false&#8221; custom_margin_last_edited=&#8221;on|phone&#8221; hover_enabled=&#8221;0&#8243; global_colors_info=&#8221;{}&#8221; open=&#8221;off&#8221; sticky_enabled=&#8221;0&#8243;]<\/p>\n<p>Arrivare in auto, in aereo o in treno, ecco le informazioni pi\u00f9 importanti:<\/p>\n<p>il nostro indirizzo:<br \/>Via A. Gloria 2\/A<br \/>I-35037 Teolo (PD)<\/p>\n<p>GeoLocalizzazione:<br \/>45\u00b022&#8217;15.12 &#8220;N<br \/>11\u00b044&#8217;57.76 &#8220;E<\/p>\n<p>what3words:<br \/>\/\/\/sponsoring.share.vegetables<\/p>\n<p>Se arrivi con un&#8217;auto elettrica, puoi ricaricarla presso la stazione di ricarica nel nostro parcheggio. A tal fine riceverai un chip identificativo che servir\u00e0 a registrare i consumi e verr\u00e0 fatturato alla partenza.<\/p>\n<p>L&#8217;aeroporto di Venezia, dista circa 45 minuti in auto. Chiedici per un servizio di transfer. Anche Treviso, Verona e Bologna potrebbero essere servite.<\/p>\n<p>La stazione ferroviaria di Padova dista circa 30 minuti in auto, quella di Terme-Euganee-Montegrotto-Abano-Terme circa 15 minuti. Chiedici per un servizio di transfer. Gli autobus partono dalla stazione ferroviaria di Padova (non la domenica e i giorni festivi).<\/p>\n<p>La fermata dell&#8217;autobus pi\u00f9 vicina si trova a circa 10 minuti a piedi dal B&amp;B La Mugletta (San Biagio).<\/p>\n<p>Gli ospiti che viaggiano con i mezzi pubblici possono utilizzare gratuitamente le nostre biciclette standard.<\/p>\n<p>[\/et_pb_accordion_item][et_pb_accordion_item title=&#8221;La Mugletta e gli animali domestici&#8221; _builder_version=&#8221;4.25.1&#8243; _module_preset=&#8221;default&#8221; custom_margin=&#8221;-30px||||false|false&#8221; custom_margin_tablet=&#8221;0px||||false|false&#8221; custom_margin_phone=&#8221;0px||||false|false&#8221; custom_margin_last_edited=&#8221;on|phone&#8221; global_colors_info=&#8221;{}&#8221; open=&#8221;off&#8221;]<\/p>\n<p>La Mugletta ama gli animali e sappiamo che un animale domestico \u00e8 un vero e proprio membro della famiglia. Per il benessere del tuo animale e degli altri ospiti, ti preghiamo di osservare le seguenti linee guida, valide anche nel caso in cui tu sia l&#8217;unico ospite della casa:<\/p>\n<ul>\n<li>accettiamo su richiesta animali domestici ben educati<\/li>\n<li>Per motivi di igiene, gli animali non sono ammessi nella sala colazione, nella zona lavanderia e nel bagno turco.<\/li>\n<li>Per evitare danni alla propriet\u00e0, gli animali domestici non devono essere lasciati incustoditi nelle camere per lunghi periodi di tempo; se hai bisogno di lasciare il tuo animale incustodito, ti preghiamo di contattarci in modo che possiamo indicarti un posto adatto. Se lo desideri, possiamo offrire un dog sitter a un costo aggiuntivo.<\/li>\n<li>ti preghiamo di pulire il tuo animale domestico; un cestino grigio per i sacchetti dei cani si trova vicino al vialetto del garage (in caso contrario, chiedi a noi). Contattaci se hai bisogno di sacchetti.<\/li>\n<li>Assicurati che il tuo animale domestico sia sempre sotto il tuo controllo. Il tuo animale pu\u00f2 scorrazzare liberamente in giardino (a patto che tu lo sorvegli), ma fai attenzione ai nostri gatti e alle nostre galline, nonch\u00e9 agli animali selvatici del bosco dietro La Mugletta (volpi, tassi o cinghiali).<\/li>\n<li>Se tu e il tuo animale domestico siete nel Salotto, ricorda che non si tratta di un parco giochi per cani.<\/li>\n<li>Se spazzoli il tuo animale domestico, ti preghiamo di farlo all&#8217;aperto (sulla terrazza o in giardino), in caso di maltempo l&#8217;area di fronte alla reception \u00e8 protetta dalla pioggia<\/li>\n<li>Se la tua camera (o altre parti della propriet\u00e0) richiede una pulizia eccessiva o se il comportamento del tuo animale domestico causa danni, ci riserviamo il diritto di addebitare eventuali servizi aggiuntivi o riparazioni.<\/li>\n<\/ul>\n<p>[\/et_pb_accordion_item][et_pb_accordion_item title=&#8221;Buoni regalo&#8221; _builder_version=&#8221;4.27.5&#8243; _module_preset=&#8221;default&#8221; custom_margin=&#8221;-30px||||false|false&#8221; custom_margin_tablet=&#8221;0px||||false|false&#8221; custom_margin_phone=&#8221;0px||||false|false&#8221; custom_margin_last_edited=&#8221;on|phone&#8221; global_colors_info=&#8221;{}&#8221; open=&#8221;off&#8221;]<\/p>\n<p>Ti offriamo la possibilit\u00e0 di acquistare dei buoni regalo per l&#8217;intero periodo del tuo soggiorno. Potrai quindi effettuare la tua prenotazione, che confermeremo in base alla disponibilit\u00e0. I nostri speciali voucher regalo offrono la possibilit\u00e0 di modificare la prenotazione (sempre soggetta a disponibilit\u00e0) fino a 1 settimana prima del soggiorno prenotato.<\/p>\n<p>Puoi anche acquistare dei buoni regalo, ad esempio per un aperitivo o un corso di ceramica, che possono essere riscossi nell&#8217;ambito di un soggiorno prenotato presso di noi.  Siamo inoltre lieti di emettere buoni per l&#8217;acquisto di ceramiche La Mugletta.  <\/p>\n<p>I buoni regalo non sono rimborsabili e sono validi per 24 mesi dalla data di emissione.<\/p>\n<p>[\/et_pb_accordion_item][et_pb_accordion_item title=&#8221;Cos&apos;altro c&apos;\u00e8 da considerare&#8221; _builder_version=&#8221;4.27.4&#8243; _module_preset=&#8221;default&#8221; custom_margin=&#8221;-30px||||false|false&#8221; custom_margin_tablet=&#8221;0px||||false|false&#8221; custom_margin_phone=&#8221;0px||||false|false&#8221; custom_margin_last_edited=&#8221;on|phone&#8221; global_colors_info=&#8221;{}&#8221; open=&#8221;off&#8221;]<\/p>\n<p>Saremo lieti se vorrai condividere le tue impressioni sulla vacanza e le foto de La Mugletta con amici e conoscenti per scopi non commerciali. Ti preghiamo di contattarci se desideri utilizzare immagini (foto, video o simili) scattate durante il tuo soggiorno per scopi commerciali o per utilizzare La Mugletta (casa, camere, giardino) come sfondo e\/o ambiente per la commercializzazione di prodotti, servizi in senso lato e\/o consulenze. Si applicano prezzi e condizioni separati e concordati individualmente.  <\/p>\n<p>Ti preghiamo di notare che non \u00e8 consentito pianificare e organizzare feste private o celebrazioni senza previa consultazione e approvazione da parte nostra. Questo vale anche se tu o il tuo gruppo avete prenotato la casa da soli o in esclusiva. <\/p>\n<p>[\/et_pb_accordion_item][\/et_pb_accordion][\/et_pb_column][\/et_pb_row][\/et_pb_section]<\/p>\n","protected":false},"excerpt":{"rendered":"<p>Contattaci Richiesta di informazioni Per richiedere una prenotazione, inviaci un&#8217;e-mail, un SMS o un WhatsApp, oppure chiamaci. MAIL: lamugletta@gmail.comTEL: +39 329 2170056 La Mugletta parla italiano, tedesco, inglese, francese e portoghese. Viaggi in elettrico? Puoi ricaricarla presso la stazione di ricarica nel nostro parcheggio. Viaggi con il tuo animale domestico? Scorri la pagina fino alla [&hellip;]<\/p>\n","protected":false},"author":1,"featured_media":0,"parent":0,"menu_order":0,"comment_status":"closed","ping_status":"closed","template":"","meta":{"_et_pb_use_builder":"on","_et_pb_old_content":"","_et_gb_content_width":"","footnotes":""},"class_list":["post-1324","page","type-page","status-publish","hentry"],"_links":{"self":[{"href":"https:\/\/lamugletta.de\/it\/wp-json\/wp\/v2\/pages\/1324","targetHints":{"allow":["GET"]}}],"collection":[{"href":"https:\/\/lamugletta.de\/it\/wp-json\/wp\/v2\/pages"}],"about":[{"href":"https:\/\/lamugletta.de\/it\/wp-json\/wp\/v2\/types\/page"}],"author":[{"embeddable":true,"href":"https:\/\/lamugletta.de\/it\/wp-json\/wp\/v2\/users\/1"}],"replies":[{"embeddable":true,"href":"https:\/\/lamugletta.de\/it\/wp-json\/wp\/v2\/comments?post=1324"}],"version-history":[{"count":78,"href":"https:\/\/lamugletta.de\/it\/wp-json\/wp\/v2\/pages\/1324\/revisions"}],"predecessor-version":[{"id":5360,"href":"https:\/\/lamugletta.de\/it\/wp-json\/wp\/v2\/pages\/1324\/revisions\/5360"}],"wp:attachment":[{"href":"https:\/\/lamugletta.de\/it\/wp-json\/wp\/v2\/media?parent=1324"}],"curies":[{"name":"wp","href":"https:\/\/api.w.org\/{rel}","templated":true}]}}