{"id":2155,"date":"2024-06-24T11:26:29","date_gmt":"2024-06-24T11:26:29","guid":{"rendered":"https:\/\/lamugletta.de\/i-dintorni\/"},"modified":"2024-07-09T12:46:34","modified_gmt":"2024-07-09T12:46:34","slug":"i-dintorni","status":"publish","type":"page","link":"https:\/\/lamugletta.de\/it\/i-dintorni\/","title":{"rendered":"I dintorni"},"content":{"rendered":"<p>[et_pb_section fb_built=&#8221;1&#8243; _builder_version=&#8221;4.25.2&#8243; _module_preset=&#8221;default&#8221; background_color=&#8221;rgba(133,209,172,0.44)&#8221; custom_margin=&#8221;||||true|false&#8221; custom_padding=&#8221;0px||0px||true|false&#8221; global_colors_info=&#8221;{}&#8221;][et_pb_row column_structure=&#8221;1_2,1_2&#8243; make_equal=&#8221;on&#8221; _builder_version=&#8221;4.24.2&#8243; _module_preset=&#8221;default&#8221; width=&#8221;95%&#8221; max_width=&#8221;1870px&#8221; custom_margin=&#8221;0px||||false|false&#8221; custom_padding=&#8221;0px||100px||false|false&#8221; global_colors_info=&#8221;{}&#8221;][et_pb_column type=&#8221;1_2&#8243; module_class=&#8221;content-vertical-align-bottom&#8221; _builder_version=&#8221;4.24.2&#8243; _module_preset=&#8221;default&#8221; custom_padding=&#8221;|||50px|false|false&#8221; custom_padding_tablet=&#8221;|||20px|false|false&#8221; custom_padding_phone=&#8221;|||5px|false|false&#8221; custom_padding_last_edited=&#8221;on|phone&#8221; global_colors_info=&#8221;{}&#8221;][et_pb_text admin_label=&#8221;Von Kultur bis Meer  Die Umgebung&#8221; _builder_version=&#8221;4.25.2&#8243; _module_preset=&#8221;default&#8221; header_text_color=&#8221;#5F6062&#8243; header_font_size=&#8221;63px&#8221; header_line_height=&#8221;1.1em&#8221; header_4_text_color=&#8221;#5F6062&#8243; header_4_font_size=&#8221;15px&#8221; header_4_letter_spacing=&#8221;5px&#8221; custom_margin=&#8221;||||false|false&#8221; custom_padding=&#8221;||||false|false&#8221; custom_padding_tablet=&#8221;50px||||false|false&#8221; custom_padding_phone=&#8221;50px||||false|false&#8221; custom_padding_last_edited=&#8221;on|phone&#8221; header_font_size_tablet=&#8221;63px&#8221; header_font_size_phone=&#8221;44px&#8221; header_font_size_last_edited=&#8221;on|phone&#8221; header_4_font_size_tablet=&#8221;14px&#8221; header_4_font_size_phone=&#8221;12px&#8221; header_4_font_size_last_edited=&#8221;on|phone&#8221; global_colors_info=&#8221;{}&#8221;]<\/p>\n<h4>Dalla cultura al mare<\/h4>\n<h1>I dintorni<\/h1>\n<p>Chi \u00e8 gi\u00e0 sceso di un&#8217;ottava sulla via del rilassamento o \u00e8 gi\u00e0 arrivato alla pace interiore e ora sente il desiderio di fare delle scoperte, pu\u00f2 rallegrarsi. Un&#8217;intrigante ricchezza di natura, cultura, architettura e cucina ti aspetta alle porte.<\/p>\n<p>[\/et_pb_text][\/et_pb_column][et_pb_column type=&#8221;1_2&#8243; _builder_version=&#8221;4.24.2&#8243; _module_preset=&#8221;default&#8221; custom_css_main_element=&#8221;||&#8221; global_colors_info=&#8221;{}&#8221;][et_pb_gallery gallery_ids=&#8221;2316,2359,2374,2329&#8243; fullwidth=&#8221;on&#8221; disabled_on=&#8221;off|off|off&#8221; _builder_version=&#8221;4.25.2&#8243; _module_preset=&#8221;default&#8221; max_height=&#8221;90vh&#8221; auto=&#8221;on&#8221; auto_speed=&#8221;3000&#8243; hover_enabled=&#8221;0&#8243; global_colors_info=&#8221;{}&#8221; sticky_enabled=&#8221;0&#8243;][\/et_pb_gallery][\/et_pb_column][\/et_pb_row][\/et_pb_section][et_pb_section fb_built=&#8221;1&#8243; _builder_version=&#8221;4.25.2&#8243; _module_preset=&#8221;default&#8221; global_colors_info=&#8221;{}&#8221;][et_pb_row _builder_version=&#8221;4.25.2&#8243; _module_preset=&#8221;default&#8221; max_width=&#8221;2000px&#8221; global_colors_info=&#8221;{}&#8221;][et_pb_column type=&#8221;4_4&#8243; _builder_version=&#8221;4.25.2&#8243; _module_preset=&#8221;default&#8221; global_colors_info=&#8221;{}&#8221;][et_pb_image src=&#8221;https:\/\/lamugletta.de\/wp-content\/uploads\/2024\/06\/IMG_7528-rotated.jpeg&#8221; title_text=&#8221;IMG_7528&#8243; align=&#8221;center&#8221; admin_label=&#8221;Bild &#8221; _builder_version=&#8221;4.25.2&#8243; _module_preset=&#8221;default&#8221; max_width=&#8221;300px&#8221; max_height=&#8221;300px&#8221; border_radii=&#8221;on|500px|500px|500px|500px&#8221; locked=&#8221;off&#8221; global_colors_info=&#8221;{}&#8221;][\/et_pb_image][et_pb_text admin_label=&#8221;Sehensw\u00fcrdigkeiten  Kunst &#038; Kultur&#8221; _builder_version=&#8221;4.25.2&#8243; _module_preset=&#8221;default&#8221; header_text_color=&#8221;#5F6062&#8243; header_line_height=&#8221;1.4em&#8221; header_4_font=&#8221;&#8211;et_global_body_font|900||on|||||&#8221; header_4_font_size=&#8221;15px&#8221; header_4_letter_spacing=&#8221;5px&#8221; width=&#8221;80%&#8221; max_width=&#8221;1080px&#8221; module_alignment=&#8221;center&#8221; header_font_size_tablet=&#8221;48px&#8221; header_font_size_phone=&#8221;39px&#8221; header_font_size_last_edited=&#8221;on|phone&#8221; global_colors_info=&#8221;{}&#8221;]<\/p>\n<h4 style=\"text-align: center;\">Luoghi di interesse<\/h4>\n<h1 style=\"text-align: center;\">Arte e cultura<\/h1>\n<p>A pochi passi da La Mugletta, l&#8217;Abbazia di Praglia \u00e8 il preludio di molte altre meraviglie culturali. Dai monasteri dell&#8217;Eremo e di Rua ai castelli e palazzi del Castello di Este, della Rocca di Monselice e del Castello del Catajo, fino alle magnifiche residenze aristocratiche della regione. Particolarmente consigliate: Villa Vescovi a Torreglia, Villa Barbarigo con il suo spettacolare parco e le Ville Selvatica ed Emo. Le ville di Andrea Palladio nei dintorni di Vicenza e l&#8217;affascinante citt\u00e0 universitaria di Padova, con il suo patrimonio mondiale dell&#8217;UNESCO, i cicli di affreschi medievali e l&#8217;orto botanico universitario pi\u00f9 antico del mondo, oltre a numerose altre attrazioni, saranno sicuramente un&#8217;attrazione per gli amanti dell&#8217;arte e dell&#8217;architettura.<\/p>\n<p>[\/et_pb_text][\/et_pb_column][\/et_pb_row][\/et_pb_section][et_pb_section fb_built=&#8221;1&#8243; _builder_version=&#8221;4.24.2&#8243; _module_preset=&#8221;default&#8221; custom_padding=&#8221;9px||13px|||&#8221; global_colors_info=&#8221;{}&#8221;][et_pb_row _builder_version=&#8221;4.25.2&#8243; _module_preset=&#8221;default&#8221; width_tablet=&#8221;&#8221; width_phone=&#8221;98%&#8221; width_last_edited=&#8221;on|phone&#8221; max_width=&#8221;2000px&#8221; global_colors_info=&#8221;{}&#8221;][et_pb_column type=&#8221;4_4&#8243; _builder_version=&#8221;4.24.2&#8243; _module_preset=&#8221;default&#8221; global_colors_info=&#8221;{}&#8221;][et_pb_image src=&#8221;https:\/\/lamugletta.de\/wp-content\/uploads\/2024\/06\/FullSizeRender-13-scaled.jpeg&#8221; title_text=&#8221;Anello-Ciclabile-Colli-Euganei-Mappa01&#8243; align=&#8221;center&#8221; admin_label=&#8221;Bild Fahrradkarte&#8221; _builder_version=&#8221;4.25.2&#8243; _module_preset=&#8221;default&#8221; max_width=&#8221;300px&#8221; max_height=&#8221;300px&#8221; border_radii=&#8221;on|500px|500px|500px|500px&#8221; locked=&#8221;off&#8221; global_colors_info=&#8221;{}&#8221;][\/et_pb_image][et_pb_text admin_label=&#8221;ein Mekka f\u00fcr Bewegungsfreudige  Rad &#038; Pfad&#8221; _builder_version=&#8221;4.25.2&#8243; _module_preset=&#8221;default&#8221; header_text_color=&#8221;#5F6062&#8243; header_line_height=&#8221;1.4em&#8221; header_4_font_size=&#8221;15px&#8221; header_4_letter_spacing=&#8221;5px&#8221; width=&#8221;80%&#8221; max_width=&#8221;1080px&#8221; module_alignment=&#8221;center&#8221; header_font_size_tablet=&#8221;45px&#8221; header_font_size_phone=&#8221;39px&#8221; header_font_size_last_edited=&#8221;on|phone&#8221; global_colors_info=&#8221;{}&#8221;]<\/p>\n<h4 style=\"text-align: center;\">una mecca per gli amanti del movimento all&#8217;aria aperta<\/h4>\n<h1 style=\"text-align: center;\">Bici e sentieri<\/h1>\n<p>Incantevoli foreste di latifoglie e pini, vigneti e uliveti, villaggi pittoreschi, piccole strade e sentieri tranquilli, ti invitano a fare passeggiate, escursioni e giri in bicicletta. Chi ama l&#8217;attivit\u00e0 fisica trover\u00e0 tra le 100 cime dei Colli Euganei una fitta rete di oltre 30 sentieri escursionistici segnalati, che si estendono per un totale di oltre 250 chilometri. Chi in vece preferisce le due ruote, sar\u00e0 ricompensato da innumerevoli piste ciclabili, dalle pi\u00f9 piccole alle pi\u00f9 grandi, che si snodano intorno e sopra i Colli Euganei fino a Venezia, soddisfacendo le pi\u00f9 svariate esigenze. Che si tratti di mountain bike, gravel bike o bici da strada. O una scoperta dei Colli in maniera ecologica: a cavallo.<\/p>\n<p>[\/et_pb_text][\/et_pb_column][\/et_pb_row][\/et_pb_section][et_pb_section fb_built=&#8221;1&#8243; _builder_version=&#8221;4.25.2&#8243; _module_preset=&#8221;default&#8221; global_colors_info=&#8221;{}&#8221;][et_pb_row _builder_version=&#8221;4.25.2&#8243; _module_preset=&#8221;default&#8221; max_width=&#8221;2000px&#8221; global_colors_info=&#8221;{}&#8221;][et_pb_column type=&#8221;4_4&#8243; _builder_version=&#8221;4.25.2&#8243; _module_preset=&#8221;default&#8221; global_colors_info=&#8221;{}&#8221;][et_pb_image src=&#8221;https:\/\/lamugletta.de\/wp-content\/uploads\/2024\/06\/03-Wine-and-Dine-01.jpeg&#8221; title_text=&#8221;03 Vino e cena 01&#8243; align=&#8221;center&#8221; admin_label=&#8221;Bild Essen&#8221; _builder_version=&#8221;4.25.2&#8243; _module_preset=&#8221;default&#8221; max_width=&#8221;300px&#8221; max_height=&#8221;300px&#8221; border_radii=&#8221;on|500px|500px|500px|500px&#8221; locked=&#8221;off&#8221; global_colors_info=&#8221;{}&#8221;][\/et_pb_image][et_pb_text admin_label=&#8221;Wine &#038; Dine&#8221; _builder_version=&#8221;4.25.2&#8243; _module_preset=&#8221;default&#8221; header_text_color=&#8221;#5F6062&#8243; header_line_height=&#8221;1.4em&#8221; header_4_font=&#8221;&#8211;et_global_body_font|900||on|||||&#8221; header_4_font_size=&#8221;15px&#8221; header_4_letter_spacing=&#8221;5px&#8221; width=&#8221;80%&#8221; max_width=&#8221;1080px&#8221; module_alignment=&#8221;center&#8221; header_font_size_tablet=&#8221;48px&#8221; header_font_size_phone=&#8221;39px&#8221; header_font_size_last_edited=&#8221;on|phone&#8221; global_colors_info=&#8221;{}&#8221;]<\/p>\n<h4 style=\"text-align: center;\">Delizie culinarie<\/h4>\n<h1 style=\"text-align: center;\">Vino e cena<\/h1>\n<p>Per gli amanti dei prodotti autentici e dei vini squisiti, la regione \u00e8 un vero e proprio paradiso enogastronomico. Attorno 100 viticoltori sono attivi nei Colli Euganei e offrono degustazioni di vino. La gamma offerta va dagli spumanti leggeri ai vini bianchi, ai rosati, ai rossi o alle vendemmie tardive fino ai vini da dessert. Anche la coltivazione e la lavorazione variano tra tradizionale, biologica o biodinamica. Senza dimenticare la &#8220;Strada dell&#8217;Olio&#8221;, che non ha nulla da invidiare alla &#8220;Strada del Vino&#8221;. Oltre alle prelibatezze liquide, non viene trascurato l&#8217;aspetto culinario. Semplici trattorie, osterie e pizzerie fanno parte dell&#8217;offerta tanto quanto la cucina raffinata di alto livello e talvolta stellata. A soli 10 chilometri di distanza per esempio, Massimiliano Alajmo, uno dei migliori chef d&#8217;Italia, crea piatti fantastici. Infine, le sagre locali offrono un&#8217;opportunit\u00e0 speciale per scoprire le specialit\u00e0 regionali e la vita locale.<\/p>\n<p>[\/et_pb_text][\/et_pb_column][\/et_pb_row][\/et_pb_section][et_pb_section fb_built=&#8221;1&#8243; _builder_version=&#8221;4.25.2&#8243; _module_preset=&#8221;default&#8221; global_colors_info=&#8221;{}&#8221;][et_pb_row _builder_version=&#8221;4.25.2&#8243; _module_preset=&#8221;default&#8221; max_width=&#8221;2000px&#8221; global_colors_info=&#8221;{}&#8221;][et_pb_column type=&#8221;4_4&#8243; _builder_version=&#8221;4.25.2&#8243; _module_preset=&#8221;default&#8221; global_colors_info=&#8221;{}&#8221;][et_pb_image src=&#8221;https:\/\/lamugletta.de\/wp-content\/uploads\/2024\/06\/Golf-Club-Padova-a-Valsanzibio-1362&#215;800-1.jpeg&#8221; title_text=&#8221;Golf-Club-Padova-a-Valsanzibio-1362&#215;800&#8243; align=&#8221;center&#8221; admin_label=&#8221;Bild Golf&#8221; _builder_version=&#8221;4.25.2&#8243; _module_preset=&#8221;default&#8221; max_width=&#8221;300px&#8221; max_height=&#8221;300px&#8221; border_radii=&#8221;on|500px|500px|500px|500px&#8221; locked=&#8221;off&#8221; global_colors_info=&#8221;{}&#8221;][\/et_pb_image][et_pb_text admin_label=&#8221;Sport &#038; Spiel  Golf&#8221; _builder_version=&#8221;4.25.2&#8243; _module_preset=&#8221;default&#8221; header_text_color=&#8221;#5F6062&#8243; header_line_height=&#8221;1.4em&#8221; header_4_font=&#8221;&#8211;et_global_body_font|900||on|||||&#8221; header_4_font_size=&#8221;15px&#8221; header_4_letter_spacing=&#8221;5px&#8221; width=&#8221;80%&#8221; max_width=&#8221;1080px&#8221; module_alignment=&#8221;center&#8221; header_font_size_tablet=&#8221;48px&#8221; header_font_size_phone=&#8221;39px&#8221; header_font_size_last_edited=&#8221;on|phone&#8221; global_colors_info=&#8221;{}&#8221;]<\/p>\n<h4 style=\"text-align: center;\">Sport e svago<\/h4>\n<h1 style=\"text-align: center;\">Golf<\/h1>\n<p>Se vuoi dare sfogo al tuo relax, puoi giocare una partita nei cinque campi da golf o recarti al campo pratica. Tutti i campi sono situati in una splendida posizione e soddisfano diversi livelli di abilit\u00e0: Driving Range Colli Euganei ad Abano Terme, Golf Club Terme di Galzignano, Golf Club della Montecchia, Golf Club Frassanelle a Rovolon e Golf Club Padova a Valsanzibio.<\/p>\n<p>[\/et_pb_text][\/et_pb_column][\/et_pb_row][\/et_pb_section][et_pb_section fb_built=&#8221;1&#8243; _builder_version=&#8221;4.25.2&#8243; _module_preset=&#8221;default&#8221; global_colors_info=&#8221;{}&#8221;][et_pb_row _builder_version=&#8221;4.25.2&#8243; _module_preset=&#8221;default&#8221; max_width=&#8221;2000px&#8221; global_colors_info=&#8221;{}&#8221;][et_pb_column type=&#8221;4_4&#8243; _builder_version=&#8221;4.25.2&#8243; _module_preset=&#8221;default&#8221; global_colors_info=&#8221;{}&#8221;][et_pb_image src=&#8221;https:\/\/lamugletta.de\/wp-content\/uploads\/2024\/06\/Porto_Caleri_-_Rosolina_Mare.jpeg&#8221; title_text=&#8221;Porto_Caleri_-_Rosolina_Mare&#8221; align=&#8221;center&#8221; admin_label=&#8221;Bild Meer&#8221; _builder_version=&#8221;4.25.2&#8243; _module_preset=&#8221;default&#8221; max_width=&#8221;300px&#8221; max_height=&#8221;300px&#8221; border_radii=&#8221;on|500px|500px|500px|500px&#8221; locked=&#8221;off&#8221; global_colors_info=&#8221;{}&#8221;][\/et_pb_image][et_pb_text admin_label=&#8221;Meer &#8221; _builder_version=&#8221;4.25.2&#8243; _module_preset=&#8221;default&#8221; header_text_color=&#8221;#5F6062&#8243; header_line_height=&#8221;1.4em&#8221; header_4_font=&#8221;&#8211;et_global_body_font|900||on|||||&#8221; header_4_font_size=&#8221;15px&#8221; header_4_letter_spacing=&#8221;5px&#8221; width=&#8221;80%&#8221; max_width=&#8221;1080px&#8221; module_alignment=&#8221;center&#8221; header_font_size_tablet=&#8221;48px&#8221; header_font_size_phone=&#8221;39px&#8221; header_font_size_last_edited=&#8221;on|phone&#8221; global_colors_info=&#8221;{}&#8221;]<\/p>\n<h4 style=\"text-align: center;\">Spa, spiaggia e dolce vita<\/h4>\n<h1 style=\"text-align: center;\">e il mare &#8230;<\/h1>\n<p>Anche i Romani conoscevano i poteri curativi delle terme euganee. Che si tratti di Abano Terme, Montegrotto, Galzignano o Battaglia Terme, se vuoi coronare il tuo relax con una giornata di benessere, puoi visitare uno dei tanti hotel come ospite giornaliero. L&#8217;acqua fresca e la dolce vita ti aspettano a soli 40 minuti di distanza nella laguna di Venezia. L&#8217;unica domanda che ci poniamo \u00e8 se sia il mare o la Serenissima, tra cui la Biennale, Burano, il Guggenheim e il Canal Grande, oltre a tanti consigli da insider nella meravigliosa citt\u00e0 di Venezia e nei suoi dintorni, che saremo lieti di svelarti&#8230;<\/p>\n<p>[\/et_pb_text][\/et_pb_column][\/et_pb_row][\/et_pb_section][et_pb_section fb_built=&#8221;1&#8243; _builder_version=&#8221;4.24.2&#8243; _module_preset=&#8221;default&#8221; custom_padding=&#8221;9px|||||&#8221; global_colors_info=&#8221;{}&#8221;][et_pb_row use_custom_gutter=&#8221;on&#8221; gutter_width=&#8221;1&#8243; make_equal=&#8221;on&#8221; _builder_version=&#8221;4.24.2&#8243; _module_preset=&#8221;default&#8221; width=&#8221;95%&#8221; max_width=&#8221;2000px&#8221; global_colors_info=&#8221;{}&#8221;][et_pb_column type=&#8221;4_4&#8243; _builder_version=&#8221;4.24.2&#8243; _module_preset=&#8221;default&#8221; global_colors_info=&#8221;{}&#8221;][et_pb_gallery gallery_ids=&#8221;2410,2234,2237,2249,2240,2255,2306,2243,2246,2371,2368,2353,2356,2362,2365,2403,2332,2344&#8243; posts_number=&#8221;16&#8243; show_title_and_caption=&#8221;off&#8221; show_pagination=&#8221;off&#8221; _builder_version=&#8221;4.25.2&#8243; _module_preset=&#8221;default&#8221; global_colors_info=&#8221;{}&#8221;][\/et_pb_gallery][\/et_pb_column][\/et_pb_row][\/et_pb_section][et_pb_section fb_built=&#8221;1&#8243; _builder_version=&#8221;4.25.2&#8243; _module_preset=&#8221;default&#8221; global_colors_info=&#8221;{}&#8221;][\/et_pb_section][et_pb_section fb_built=&#8221;1&#8243; _builder_version=&#8221;4.25.2&#8243; _module_preset=&#8221;default&#8221; global_colors_info=&#8221;{}&#8221;][\/et_pb_section][et_pb_section fb_built=&#8221;1&#8243; _builder_version=&#8221;4.25.2&#8243; _module_preset=&#8221;default&#8221; global_colors_info=&#8221;{}&#8221;][\/et_pb_section]<\/p>\n","protected":false},"excerpt":{"rendered":"<p>Dalla cultura al mare I dintorni Chi \u00e8 gi\u00e0 sceso di un&#8217;ottava sulla via del rilassamento o \u00e8 gi\u00e0 arrivato alla pace interiore e ora sente il desiderio di fare delle scoperte, pu\u00f2 rallegrarsi. Un&#8217;intrigante ricchezza di natura, cultura, architettura e cucina ti aspetta alle porte.Luoghi di interesse Arte e cultura A pochi passi da [&hellip;]<\/p>\n","protected":false},"author":1,"featured_media":0,"parent":0,"menu_order":0,"comment_status":"closed","ping_status":"closed","template":"","meta":{"_et_pb_use_builder":"on","_et_pb_old_content":"","_et_gb_content_width":"","footnotes":""},"class_list":["post-2155","page","type-page","status-publish","hentry"],"_links":{"self":[{"href":"https:\/\/lamugletta.de\/it\/wp-json\/wp\/v2\/pages\/2155","targetHints":{"allow":["GET"]}}],"collection":[{"href":"https:\/\/lamugletta.de\/it\/wp-json\/wp\/v2\/pages"}],"about":[{"href":"https:\/\/lamugletta.de\/it\/wp-json\/wp\/v2\/types\/page"}],"author":[{"embeddable":true,"href":"https:\/\/lamugletta.de\/it\/wp-json\/wp\/v2\/users\/1"}],"replies":[{"embeddable":true,"href":"https:\/\/lamugletta.de\/it\/wp-json\/wp\/v2\/comments?post=2155"}],"version-history":[{"count":60,"href":"https:\/\/lamugletta.de\/it\/wp-json\/wp\/v2\/pages\/2155\/revisions"}],"predecessor-version":[{"id":2740,"href":"https:\/\/lamugletta.de\/it\/wp-json\/wp\/v2\/pages\/2155\/revisions\/2740"}],"wp:attachment":[{"href":"https:\/\/lamugletta.de\/it\/wp-json\/wp\/v2\/media?parent=2155"}],"curies":[{"name":"wp","href":"https:\/\/api.w.org\/{rel}","templated":true}]}}